{"id":836,"date":"2025-06-19T12:07:42","date_gmt":"2025-06-19T12:07:42","guid":{"rendered":"https:\/\/iberia.virenwebdesign.com\/contacto\/"},"modified":"2025-07-29T05:26:36","modified_gmt":"2025-07-29T05:26:36","slug":"contacto","status":"publish","type":"page","link":"https:\/\/iberiatelecom.com\/es\/contacto\/","title":{"rendered":"Contacto"},"content":{"rendered":"\t\t<div data-elementor-type=\"wp-page\" data-elementor-id=\"836\" class=\"elementor elementor-836 elementor-616\">\n\t\t\t\t<div class=\"elementor-element elementor-element-724205b e-flex e-con-boxed e-con e-parent\" data-id=\"724205b\" data-element_type=\"container\" data-settings=\"{&quot;background_background&quot;:&quot;classic&quot;}\">\n\t\t\t\t\t<div class=\"e-con-inner\">\n\t\t\t\t<div class=\"elementor-element elementor-element-3a739b0 elementor-widget elementor-widget-heading\" data-id=\"3a739b0\" data-element_type=\"widget\" data-widget_type=\"heading.default\">\n\t\t\t\t<div class=\"elementor-widget-container\">\n\t\t\t\t\t<h1 class=\"elementor-heading-title elementor-size-default\">Cont\u00e1ctenos<\/h1>\t\t\t\t<\/div>\n\t\t\t\t<\/div>\n\t\t\t\t<div class=\"elementor-element elementor-element-54997bf elementor-widget-divider--view-line elementor-widget elementor-widget-divider\" data-id=\"54997bf\" data-element_type=\"widget\" data-widget_type=\"divider.default\">\n\t\t\t\t<div class=\"elementor-widget-container\">\n\t\t\t\t\t\t\t<div class=\"elementor-divider\">\n\t\t\t<span class=\"elementor-divider-separator\">\n\t\t\t\t\t\t<\/span>\n\t\t<\/div>\n\t\t\t\t\t\t<\/div>\n\t\t\t\t<\/div>\n\t\t\t\t<div class=\"elementor-element elementor-element-b9479f9 elementor-widget__width-initial elementor-widget elementor-widget-text-editor\" data-id=\"b9479f9\" data-element_type=\"widget\" data-widget_type=\"text-editor.default\">\n\t\t\t\t<div class=\"elementor-widget-container\">\n\t\t\t\t\t\t\t\t\t<p>Tanto si tiene una pregunta, necesita asistencia o desea obtener m\u00e1s informaci\u00f3n sobre nuestros servicios de telecomunicaciones, estamos aqu\u00ed para ayudarle. Nuestro equipo dedicado est\u00e1 disponible para proporcionarle asistencia r\u00e1pida y fiable, independientemente del problema. P\u00f3ngase en contacto con nosotros por tel\u00e9fono, correo electr\u00f3nico o rellenando el formulario de contacto que figura a continuaci\u00f3n.   <\/p>\t\t\t\t\t\t\t\t<\/div>\n\t\t\t\t<\/div>\n\t\t\t\t\t<\/div>\n\t\t\t\t<\/div>\n\t\t<div class=\"elementor-element elementor-element-997e479 e-flex e-con-boxed e-con e-parent\" data-id=\"997e479\" data-element_type=\"container\">\n\t\t\t\t\t<div class=\"e-con-inner\">\n\t\t<div class=\"elementor-element elementor-element-8332c5a e-con-full e-flex e-con e-child\" data-id=\"8332c5a\" data-element_type=\"container\">\n\t\t<div class=\"elementor-element elementor-element-73c8066 e-con-full e-flex e-con e-child\" data-id=\"73c8066\" data-element_type=\"container\">\n\t\t\t\t<div class=\"elementor-element elementor-element-e92ad33 elementor-widget elementor-widget-heading\" data-id=\"e92ad33\" data-element_type=\"widget\" data-widget_type=\"heading.default\">\n\t\t\t\t<div class=\"elementor-widget-container\">\n\t\t\t\t\t<h6 class=\"elementor-heading-title elementor-size-default\">C\u00f3mo puedes comunicarte con nosotros:<\/h6>\t\t\t\t<\/div>\n\t\t\t\t<\/div>\n\t\t\t\t<div class=\"elementor-element elementor-element-fbfec41 elementor-view-stacked elementor-position-left elementor-shape-circle elementor-mobile-position-top elementor-widget elementor-widget-icon-box\" data-id=\"fbfec41\" data-element_type=\"widget\" data-widget_type=\"icon-box.default\">\n\t\t\t\t<div class=\"elementor-widget-container\">\n\t\t\t\t\t\t\t<div class=\"elementor-icon-box-wrapper\">\n\n\t\t\t\t\t\t<div class=\"elementor-icon-box-icon\">\n\t\t\t\t<a href=\"mailto:sales@iberiatelecom.com\" class=\"elementor-icon\" tabindex=\"-1\" aria-label=\"Direcci\u00f3n de correo electr\u00f3nico\">\n\t\t\t\t<svg aria-hidden=\"true\" class=\"e-font-icon-svg e-fas-envelope\" viewBox=\"0 0 512 512\" xmlns=\"http:\/\/www.w3.org\/2000\/svg\"><path d=\"M502.3 190.8c3.9-3.1 9.7-.2 9.7 4.7V400c0 26.5-21.5 48-48 48H48c-26.5 0-48-21.5-48-48V195.6c0-5 5.7-7.8 9.7-4.7 22.4 17.4 52.1 39.5 154.1 113.6 21.1 15.4 56.7 47.8 92.2 47.6 35.7.3 72-32.8 92.3-47.6 102-74.1 131.6-96.3 154-113.7zM256 320c23.2.4 56.6-29.2 73.4-41.4 132.7-96.3 142.8-104.7 173.4-128.7 5.8-4.5 9.2-11.5 9.2-18.9v-19c0-26.5-21.5-48-48-48H48C21.5 64 0 85.5 0 112v19c0 7.4 3.4 14.3 9.2 18.9 30.6 23.9 40.7 32.4 173.4 128.7 16.8 12.2 50.2 41.8 73.4 41.4z\"><\/path><\/svg>\t\t\t\t<\/a>\n\t\t\t<\/div>\n\t\t\t\n\t\t\t\t\t\t<div class=\"elementor-icon-box-content\">\n\n\t\t\t\t\t\t\t\t\t<h3 class=\"elementor-icon-box-title\">\n\t\t\t\t\t\t<a href=\"mailto:sales@iberiatelecom.com\" >\n\t\t\t\t\t\t\tDirecci\u00f3n de correo electr\u00f3nico\t\t\t\t\t\t<\/a>\n\t\t\t\t\t<\/h3>\n\t\t\t\t\n\t\t\t\t\t\t\t\t\t<p class=\"elementor-icon-box-description\">\n\t\t\t\t\t\tsales@iberietelecom.com\t\t\t\t\t<\/p>\n\t\t\t\t\n\t\t\t<\/div>\n\t\t\t\n\t\t<\/div>\n\t\t\t\t\t\t<\/div>\n\t\t\t\t<\/div>\n\t\t\t\t<\/div>\n\t\t<div class=\"elementor-element elementor-element-68ceadc e-con-full e-flex e-con e-child\" data-id=\"68ceadc\" data-element_type=\"container\">\n\t\t\t\t<div class=\"elementor-element elementor-element-cf57b4b elementor-view-stacked elementor-position-left elementor-shape-circle elementor-mobile-position-top elementor-widget elementor-widget-icon-box\" data-id=\"cf57b4b\" data-element_type=\"widget\" data-widget_type=\"icon-box.default\">\n\t\t\t\t<div class=\"elementor-widget-container\">\n\t\t\t\t\t\t\t<div class=\"elementor-icon-box-wrapper\">\n\n\t\t\t\t\t\t<div class=\"elementor-icon-box-icon\">\n\t\t\t\t<a href=\"tel:+34%20865%2045%2030%2000\" class=\"elementor-icon\" tabindex=\"-1\" aria-label=\"Tel\u00e9fono (fijo)\">\n\t\t\t\t<svg aria-hidden=\"true\" class=\"e-font-icon-svg e-fas-phone-alt\" viewBox=\"0 0 512 512\" xmlns=\"http:\/\/www.w3.org\/2000\/svg\"><path d=\"M497.39 361.8l-112-48a24 24 0 0 0-28 6.9l-49.6 60.6A370.66 370.66 0 0 1 130.6 204.11l60.6-49.6a23.94 23.94 0 0 0 6.9-28l-48-112A24.16 24.16 0 0 0 122.6.61l-104 24A24 24 0 0 0 0 48c0 256.5 207.9 464 464 464a24 24 0 0 0 23.4-18.6l24-104a24.29 24.29 0 0 0-14.01-27.6z\"><\/path><\/svg>\t\t\t\t<\/a>\n\t\t\t<\/div>\n\t\t\t\n\t\t\t\t\t\t<div class=\"elementor-icon-box-content\">\n\n\t\t\t\t\t\t\t\t\t<h3 class=\"elementor-icon-box-title\">\n\t\t\t\t\t\t<a href=\"tel:+34%20865%2045%2030%2000\" >\n\t\t\t\t\t\t\tTel\u00e9fono (fijo)\t\t\t\t\t\t<\/a>\n\t\t\t\t\t<\/h3>\n\t\t\t\t\n\t\t\t\t\t\t\t\t\t<p class=\"elementor-icon-box-description\">\n\t\t\t\t\t\t+34 865 45 30 00\t\t\t\t\t<\/p>\n\t\t\t\t\n\t\t\t<\/div>\n\t\t\t\n\t\t<\/div>\n\t\t\t\t\t\t<\/div>\n\t\t\t\t<\/div>\n\t\t\t\t<\/div>\n\t\t<div class=\"elementor-element elementor-element-d85da2f e-con-full e-flex e-con e-child\" data-id=\"d85da2f\" data-element_type=\"container\">\n\t\t\t\t<div class=\"elementor-element elementor-element-0359682 elementor-view-stacked elementor-position-left elementor-shape-circle elementor-mobile-position-top elementor-widget elementor-widget-icon-box\" data-id=\"0359682\" data-element_type=\"widget\" data-widget_type=\"icon-box.default\">\n\t\t\t\t<div class=\"elementor-widget-container\">\n\t\t\t\t\t\t\t<div class=\"elementor-icon-box-wrapper\">\n\n\t\t\t\t\t\t<div class=\"elementor-icon-box-icon\">\n\t\t\t\t<a href=\"https:\/\/www.google.com\/maps\/place\/Calle+Benlliure,+2,+03530+La+Nucia,+Alacant,+Spain\/@38.5676504,-0.1335468,681m\/data=!3m2!1e3!4b1!4m6!3m5!1s0xd6204a021db8ba5:0xab9b878610fa2743!8m2!3d38.5676504!4d-0.1309719!16s%2Fg%2F11c5cd9cf2?entry=ttu&#038;g_ep=EgoyMDI1MDYxNy4wIKXMDSoASAFQAw%3D%3D\" target=\"_blank\" class=\"elementor-icon\" tabindex=\"-1\" aria-label=\"Ubicaci\u00f3n de nuestra oficina\">\n\t\t\t\t<svg aria-hidden=\"true\" class=\"e-font-icon-svg e-fas-map-marker-alt\" viewBox=\"0 0 384 512\" xmlns=\"http:\/\/www.w3.org\/2000\/svg\"><path d=\"M172.268 501.67C26.97 291.031 0 269.413 0 192 0 85.961 85.961 0 192 0s192 85.961 192 192c0 77.413-26.97 99.031-172.268 309.67-9.535 13.774-29.93 13.773-39.464 0zM192 272c44.183 0 80-35.817 80-80s-35.817-80-80-80-80 35.817-80 80 35.817 80 80 80z\"><\/path><\/svg>\t\t\t\t<\/a>\n\t\t\t<\/div>\n\t\t\t\n\t\t\t\t\t\t<div class=\"elementor-icon-box-content\">\n\n\t\t\t\t\t\t\t\t\t<h3 class=\"elementor-icon-box-title\">\n\t\t\t\t\t\t<a href=\"https:\/\/www.google.com\/maps\/place\/Calle+Benlliure,+2,+03530+La+Nucia,+Alacant,+Spain\/@38.5676504,-0.1335468,681m\/data=!3m2!1e3!4b1!4m6!3m5!1s0xd6204a021db8ba5:0xab9b878610fa2743!8m2!3d38.5676504!4d-0.1309719!16s%2Fg%2F11c5cd9cf2?entry=ttu&#038;g_ep=EgoyMDI1MDYxNy4wIKXMDSoASAFQAw%3D%3D\" target=\"_blank\" >\n\t\t\t\t\t\t\tUbicaci\u00f3n de nuestra oficina\t\t\t\t\t\t<\/a>\n\t\t\t\t\t<\/h3>\n\t\t\t\t\n\t\t\t\t\t\t\t\t\t<p class=\"elementor-icon-box-description\">\n\t\t\t\t\t\tCalle Benlliure 2, 03530 Alicante <\/br><b>(Espa\u00f1a)<\/b>\t\t\t\t\t<\/p>\n\t\t\t\t\n\t\t\t<\/div>\n\t\t\t\n\t\t<\/div>\n\t\t\t\t\t\t<\/div>\n\t\t\t\t<\/div>\n\t\t\t\t<div class=\"elementor-element elementor-element-f8fca06 elementor-widget elementor-widget-text-editor\" data-id=\"f8fca06\" data-element_type=\"widget\" data-widget_type=\"text-editor.default\">\n\t\t\t\t<div class=\"elementor-widget-container\">\n\t\t\t\t\t\t\t\t\t<p>\u00bfPrefieres que te llamemos? D\u00e9janos tus datos en el formulario de contacto y uno de nuestros expertos se pondr\u00e1 en contacto contigo en menos de 24 horas. <\/p>\t\t\t\t\t\t\t\t<\/div>\n\t\t\t\t<\/div>\n\t\t\t\t<\/div>\n\t\t\t\t<\/div>\n\t\t<div class=\"elementor-element elementor-element-a11ff30 e-con-full e-flex e-con e-child\" data-id=\"a11ff30\" data-element_type=\"container\" id=\"contact_us_form\">\n\t\t<div class=\"elementor-element elementor-element-0f1aba6 e-con-full e-flex elementor-invisible e-con e-child\" data-id=\"0f1aba6\" data-element_type=\"container\" data-settings=\"{&quot;animation&quot;:&quot;fadeInRight&quot;}\">\n\t\t\t\t<div class=\"elementor-element elementor-element-6a61318 elementor-widget elementor-widget-heading\" data-id=\"6a61318\" data-element_type=\"widget\" data-widget_type=\"heading.default\">\n\t\t\t\t<div class=\"elementor-widget-container\">\n\t\t\t\t\t<h6 class=\"elementor-heading-title elementor-size-default\">Cont\u00e1ctenos<\/h6>\t\t\t\t<\/div>\n\t\t\t\t<\/div>\n\t\t\t\t<div class=\"elementor-element elementor-element-7674f22 elementor-widget elementor-widget-heading\" data-id=\"7674f22\" data-element_type=\"widget\" data-widget_type=\"heading.default\">\n\t\t\t\t<div class=\"elementor-widget-container\">\n\t\t\t\t\t<h2 class=\"elementor-heading-title elementor-size-default\">P\u00f3ngase en contacto<\/h2>\t\t\t\t<\/div>\n\t\t\t\t<\/div>\n\t\t\t\t<\/div>\n\t\t\t\t<div class=\"elementor-element elementor-element-91f4591 elementor-widget elementor-widget-text-editor\" data-id=\"91f4591\" data-element_type=\"widget\" data-widget_type=\"text-editor.default\">\n\t\t\t\t<div class=\"elementor-widget-container\">\n\t\t\t\t\t\t\t\t\t<p>En Iberia Telecom estamos siempre a tu disposici\u00f3n para resolver tus dudas y dise\u00f1ar la soluci\u00f3n de comunicaciones que mejor se adapte a tu negocio.<\/p>\t\t\t\t\t\t\t\t<\/div>\n\t\t\t\t<\/div>\n\t\t\t\t<div class=\"elementor-element elementor-element-c1c73a4 wpr-step-type-number_text wpr-step-content-layout-vertical wpr-custom-styles-yes elementor-widget elementor-widget-wpr-form-builder\" data-id=\"c1c73a4\" data-element_type=\"widget\" data-settings=\"{&quot;success_message&quot;:&quot;Env\\u00edo realizado con \\u00e9xito&quot;,&quot;error_message&quot;:&quot;Env\\u00edo fallido&quot;,&quot;button_width&quot;:{&quot;unit&quot;:&quot;%&quot;,&quot;size&quot;:100,&quot;sizes&quot;:[]},&quot;button_width_tablet&quot;:{&quot;unit&quot;:&quot;px&quot;,&quot;size&quot;:&quot;&quot;,&quot;sizes&quot;:[]},&quot;button_width_mobile&quot;:{&quot;unit&quot;:&quot;px&quot;,&quot;size&quot;:&quot;&quot;,&quot;sizes&quot;:[]},&quot;step_type&quot;:&quot;number_text&quot;,&quot;step_content_layout&quot;:&quot;vertical&quot;}\" data-widget_type=\"wpr-form-builder.default\">\n\t\t\t\t<div class=\"elementor-widget-container\">\n\t\t\t\t\t\t\t<form class=\"wpr-form\" method=\"post\" name=\"Nuevo formulario\" page=\"Contacto\" page_id=\"836\" novalidate>\n\t\t\t<input type=\"hidden\" name=\"post_id\" value=\"836\"\/>\n\t\t\t<input type=\"hidden\" name=\"form_id\" value=\"c1c73a4\"\/>\n\t\t\t<input type=\"hidden\" name=\"referer_title\" value=\"\" \/>\n\n\t\t\t<div class=\"wpr-step-wrap\"><\/div>\n\t\t\t<div class=\"wpr-form-fields-wrap wpr-labels-above\">\n\t\t\t\t\t\t\t\t\t<div class=\"wpr-form-field-type-text wpr-field-group wpr-column wpr-field-group-name elementor-repeater-item-ed2ed1a wpr-form-field-required wpr-required-mark\">\n\t\t\t\t\t\t\t\t\t\t\t\t\t\t<label for=\"form-field-name\" class=\"wpr-form-field-label\">\n\t\t\t\t\t\t\t\t\tSu nombre\t\t\t\t\t\t\t\t<\/label>\n\t\t\t\t\t\t\t<input size=\"1 \"type=\"text\" name=\"form_fields[name]\" id=\"form-field-name\" class=\"wpr-form-field  wpr-form-field-textual\" placeholder=\"Introduzca su nombre completo\" required=\"required\" aria-required=\"true\">\t\t\t\t\t<\/div>\n\t\t\t\t\t\t\t\t\t<div class=\"wpr-form-field-type-email wpr-field-group wpr-column wpr-field-group-email elementor-repeater-item-f118e66 wpr-form-field-required wpr-required-mark\">\n\t\t\t\t\t\t\t\t\t\t\t\t\t\t<label for=\"form-field-email\" class=\"wpr-form-field-label\">\n\t\t\t\t\t\t\t\t\tSu correo electr\u00f3nico\t\t\t\t\t\t\t\t<\/label>\n\t\t\t\t\t\t\t<input size=\"1 \"type=\"email\" name=\"form_fields[email]\" id=\"form-field-email\" class=\"wpr-form-field  wpr-form-field-textual\" placeholder=\"Introduzca su direcci\u00f3n de correo electr\u00f3nico\" required=\"required\" aria-required=\"true\">\t\t\t\t\t<\/div>\n\t\t\t\t\t\t\t\t\t<div class=\"wpr-form-field-type-textarea wpr-field-group wpr-column wpr-field-group-message elementor-repeater-item-9b7c230 wpr-form-field-required wpr-required-mark\">\n\t\t\t\t\t\t\t\t\t\t\t\t\t\t<label for=\"form-field-message\" class=\"wpr-form-field-label\">\n\t\t\t\t\t\t\t\t\tMensaje\t\t\t\t\t\t\t\t<\/label>\n\t\t\t\t\t\t\t<textarea class=\"wpr-form-field-textual wpr-form-field \" name=\"form_fields[message]\" id=\"form-field-message\" rows=\"4\" placeholder=\"Mensaje\" required=\"required\" aria-required=\"true\"><\/textarea>\t\t\t\t\t<\/div>\n\t\t\t\t<div class=\"wpr-field-group wpr-stp-btns-wrap wpr-column wpr-form-field-type-submit\" data-actions=\"[&quot;email&quot;]\" data-redirect-url=\"\" data-mailchimp-fields=\"{&quot;email_field&quot;:&quot;&quot;,&quot;first_name_field&quot;:&quot;&quot;,&quot;last_name_field&quot;:&quot;&quot;,&quot;address_field&quot;:&quot;&quot;,&quot;phone_field&quot;:&quot;&quot;,&quot;birthday_field&quot;:&quot;&quot;,&quot;group_id&quot;:&quot;&quot;}\" data-list-id=\"\">\t\t\t<button type=\"submit\" class=\"wpr-button\">\n\t\t\t\t<span >\n\t\t\t\t\t\t\t\t\t\t\t\t\t\t\t\t<span>\u00a1Cont\u00e1ctenos ahora!<\/span>\n\t\t\t\t\t\t\t\t\t\t\t\t\t\t<\/span>\t\n\t\t\t\t<div class=\"wpr-double-bounce wpr-loader-hidden\">\n\t\t\t\t\t<div class=\"wpr-child wpr-double-bounce1\"><\/div>\n\t\t\t\t\t<div class=\"wpr-child wpr-double-bounce2\"><\/div>\n\t\t\t\t<\/div>\n\t\t\t<\/button>\n\t\t<\/div>\t\t\t\t\n\t\t\t<\/div>\n\t\t<\/form>\n\t  \t\t\t\t<\/div>\n\t\t\t\t<\/div>\n\t\t\t\t<\/div>\n\t\t\t\t\t<\/div>\n\t\t\t\t<\/div>\n\t\t<div class=\"elementor-element elementor-element-eb94658 e-con-full e-flex e-con e-parent\" data-id=\"eb94658\" data-element_type=\"container\">\n\t\t\t\t<div class=\"elementor-element elementor-element-6adaefb elementor-widget elementor-widget-google_maps\" data-id=\"6adaefb\" data-element_type=\"widget\" data-widget_type=\"google_maps.default\">\n\t\t\t\t<div class=\"elementor-widget-container\">\n\t\t\t\t\t\t\t<div class=\"elementor-custom-embed\">\n\t\t\t<iframe loading=\"lazy\"\n\t\t\t\t\tsrc=\"https:\/\/maps.google.com\/maps?q=Calle%20Benlliure%2C%202%2C%2003530%20La%20Nucia%2C%20Alacant%2C%20Spain&#038;t=m&#038;z=15&#038;output=embed&#038;iwloc=near\"\n\t\t\t\t\ttitle=\"Calle Benlliure, 2, 03530 La Nucia, Alacant, Spain\"\n\t\t\t\t\taria-label=\"Calle Benlliure, 2, 03530 La Nucia, Alacant, Spain\"\n\t\t\t><\/iframe>\n\t\t<\/div>\n\t\t\t\t\t\t<\/div>\n\t\t\t\t<\/div>\n\t\t\t\t<\/div>\n\t\t\t\t<\/div>\n\t\t","protected":false},"excerpt":{"rendered":"<p>Cont\u00e1ctenos Tanto si tiene una pregunta, necesita asistencia o desea obtener m\u00e1s informaci\u00f3n sobre nuestros servicios de telecomunicaciones, estamos aqu\u00ed para ayudarle. Nuestro equipo dedicado est\u00e1 disponible para proporcionarle asistencia r\u00e1pida y fiable, independientemente del problema. P\u00f3ngase en contacto con nosotros por tel\u00e9fono, correo electr\u00f3nico o rellenando el formulario de contacto que figura a continuaci\u00f3n. C\u00f3mo puedes comunicarte con nosotros: Direcci\u00f3n de correo electr\u00f3nico sales@iberietelecom.com Tel\u00e9fono (fijo) +34 865 45 30 00 Ubicaci\u00f3n de nuestra oficina Calle Benlliure 2, 03530 Alicante (Espa\u00f1a) \u00bfPrefieres que te llamemos? D\u00e9janos tus datos en el formulario de contacto y uno de nuestros expertos se pondr\u00e1 en contacto contigo en menos de 24 horas. Cont\u00e1ctenos P\u00f3ngase en contacto En Iberia Telecom estamos siempre a tu disposici\u00f3n para resolver tus dudas y dise\u00f1ar la soluci\u00f3n de comunicaciones que mejor se adapte a tu negocio. Su nombre Su correo electr\u00f3nico Mensaje \u00a1Cont\u00e1ctenos ahora!<\/p>\n","protected":false},"author":5,"featured_media":0,"parent":0,"menu_order":0,"comment_status":"closed","ping_status":"closed","template":"","meta":{"footnotes":""},"class_list":["post-836","page","type-page","status-publish"],"_links":{"self":[{"href":"https:\/\/iberiatelecom.com\/es\/wp-json\/wp\/v2\/pages\/836","targetHints":{"allow":["GET"]}}],"collection":[{"href":"https:\/\/iberiatelecom.com\/es\/wp-json\/wp\/v2\/pages"}],"about":[{"href":"https:\/\/iberiatelecom.com\/es\/wp-json\/wp\/v2\/types\/page"}],"author":[{"embeddable":true,"href":"https:\/\/iberiatelecom.com\/es\/wp-json\/wp\/v2\/users\/5"}],"replies":[{"embeddable":true,"href":"https:\/\/iberiatelecom.com\/es\/wp-json\/wp\/v2\/comments?post=836"}],"version-history":[{"count":6,"href":"https:\/\/iberiatelecom.com\/es\/wp-json\/wp\/v2\/pages\/836\/revisions"}],"predecessor-version":[{"id":1101,"href":"https:\/\/iberiatelecom.com\/es\/wp-json\/wp\/v2\/pages\/836\/revisions\/1101"}],"wp:attachment":[{"href":"https:\/\/iberiatelecom.com\/es\/wp-json\/wp\/v2\/media?parent=836"}],"curies":[{"name":"wp","href":"https:\/\/api.w.org\/{rel}","templated":true}]}}